{"id":87,"date":"2025-04-08T20:18:54","date_gmt":"2025-04-08T20:18:54","guid":{"rendered":"http:\/\/buendia"},"modified":"2025-07-03T09:49:07","modified_gmt":"2025-07-03T09:49:07","slug":"taller-descargable","status":"publish","type":"product","link":"https:\/\/empoweredintimacy.com.au\/es\/producto\/taller-descargable\/","title":{"rendered":"Desbloquea tu Conocimiento \u00cdntimo (Espa\u00f1ol)"},"content":{"rendered":"<p data-start=\"214\" data-end=\"596\">Este curso en l\u00ednea autoguiado est\u00e1 dise\u00f1ado para que puedas avanzar a tu propio ritmo. Te ayudar\u00e1 a profundizar tu comprensi\u00f3n de tu sexualidad, a desmentir mitos comunes y a construir una comunicaci\u00f3n clara y segura sobre tus deseos y necesidades. El objetivo es que te sientas empoderado para explorar la intimidad de una manera aut\u00e9ntica y aut\u00e9ntica.<\/p>\n<p>La estructura del curso se desarrolla en tres m\u00f3dulos clave: el M\u00f3dulo 1, &quot;\u00bfEs esto normal? y \u00bfQu\u00e9 es la sexualidad?&quot;, te invita a explorar tus creencias y a sentar las bases de tu conocimiento sexual. El M\u00f3dulo 2, &quot;La ciencia del sexo&quot;, abarca lo que actualmente entendemos sobre el deseo, la excitaci\u00f3n y el placer. El M\u00f3dulo 3, &quot;Comunicaci\u00f3n y autoexpresi\u00f3n&quot;, examina los obst\u00e1culos para expresarte y te ense\u00f1a a comunicar tus necesidades y explorar la intimidad de forma segura.<\/p>\n<p>&nbsp;<\/p>","protected":false},"excerpt":{"rendered":"<p>Explora tu sexualidad, tus deseos y tu verdad, a tu propio ritmo.<\/p>","protected":false},"featured_media":84,"comment_status":"open","ping_status":"closed","template":"","meta":{"_acf_changed":false},"product_brand":[],"product_cat":[22],"product_tag":[],"class_list":{"0":"post-87","1":"product","2":"type-product","3":"status-publish","4":"has-post-thumbnail","6":"product_cat-downloadable","8":"first","9":"instock","10":"sale","11":"downloadable","12":"shipping-taxable","13":"purchasable","14":"product-type-simple"},"acf":[],"jetpack_sharing_enabled":true,"_links":{"self":[{"href":"https:\/\/empoweredintimacy.com.au\/es\/wp-json\/wp\/v2\/product\/87","targetHints":{"allow":["GET"]}}],"collection":[{"href":"https:\/\/empoweredintimacy.com.au\/es\/wp-json\/wp\/v2\/product"}],"about":[{"href":"https:\/\/empoweredintimacy.com.au\/es\/wp-json\/wp\/v2\/types\/product"}],"replies":[{"embeddable":true,"href":"https:\/\/empoweredintimacy.com.au\/es\/wp-json\/wp\/v2\/comments?post=87"}],"wp:featuredmedia":[{"embeddable":true,"href":"https:\/\/empoweredintimacy.com.au\/es\/wp-json\/wp\/v2\/media\/84"}],"wp:attachment":[{"href":"https:\/\/empoweredintimacy.com.au\/es\/wp-json\/wp\/v2\/media?parent=87"}],"wp:term":[{"taxonomy":"product_brand","embeddable":true,"href":"https:\/\/empoweredintimacy.com.au\/es\/wp-json\/wp\/v2\/product_brand?post=87"},{"taxonomy":"product_cat","embeddable":true,"href":"https:\/\/empoweredintimacy.com.au\/es\/wp-json\/wp\/v2\/product_cat?post=87"},{"taxonomy":"product_tag","embeddable":true,"href":"https:\/\/empoweredintimacy.com.au\/es\/wp-json\/wp\/v2\/product_tag?post=87"}],"curies":[{"name":"wp","href":"https:\/\/api.w.org\/{rel}","templated":true}]}}