{"id":503,"date":"2025-10-09T11:16:31","date_gmt":"2025-10-09T11:16:31","guid":{"rendered":"https:\/\/empoweredintimacy.com.au\/?post_type=product&#038;p=503"},"modified":"2025-10-09T09:06:42","modified_gmt":"2025-10-09T12:06:42","slug":"reaprender-el-sexo-un-taller-de-90-minutos-para-adultxs","status":"publish","type":"product","link":"https:\/\/empoweredintimacy.com.au\/es\/producto\/reaprender-el-sexo-un-taller-de-90-minutos-para-adultxs\/","title":{"rendered":"Reaprender el sexo: Un taller de 90 minutos para adultxs"},"content":{"rendered":"<pre id=\"tw-target-text\" class=\"tw-data-text tw-text-large tw-ta\" dir=\"ltr\" tabindex=\"-1\" role=\"text\" data-placeholder=\"Translation\" data-ved=\"2ahUKEwj89oOH_5aQAxX8ZfUHHZcYG7YQ3ewLegQIDBAV\" aria-label=\"Translated text: Sin verg\u00fcenza. Sin tonter\u00edas. Solo educaci\u00f3n sexual real, inclusiva y sin tonter\u00edas. Esta es la educaci\u00f3n sexual que nunca recibiste, dise\u00f1ada para adultos de todos los g\u00e9neros y experiencias. En solo 90 minutos, cubriremos lo b\u00e1sico y lo importante: anatom\u00eda, placer, consentimiento, l\u00edmites y c\u00f3mo la cultura molde\u00f3 tu forma de ver el sexo. Ven como eres. Con\u00e9ctate un poco m\u00e1s con tu cuerpo, tus necesidades y tu poder. Espera: Informaci\u00f3n clara e inclusiva Espacio para preguntas (nada est\u00e1 prohibido) Herramientas que realmente puedes usar en la vida real Una comunidad que lo entiende\"><span class=\"Y2IQFc\" lang=\"es\">Sin verg\u00fcenza. Sin tonter\u00edas. Solo educaci\u00f3n sexual real, inclusiva y sin tonter\u00edas. Esta es la educaci\u00f3n sexual que nunca recibiste, dise\u00f1ada para adultos de todos los g\u00e9neros y experiencias. En solo 90 minutos, cubriremos lo b\u00e1sico y lo importante: anatom\u00eda, placer, consentimiento, l\u00edmites y c\u00f3mo la cultura molde\u00f3 tu forma de ver el sexo.\r\n\r\nVen como eres. Con\u00e9ctate un poco m\u00e1s con tu cuerpo, tus necesidades y tu poder.\r\n\r\n<strong>Qu\u00e9 contrar\u00e1s:\r\n<\/strong>Informaci\u00f3n clara e inclusiva\r\nEspacio para preguntas (nada est\u00e1 prohibido)\r\nHerramientas que realmente puedes usar en la vida real\r\nUna comunidad que lo entiende<\/span><\/pre>","protected":false},"excerpt":{"rendered":"<article class=\"text-token-text-primary w-full focus:outline-none [--shadow-height:45px] has-data-writing-block:pointer-events-none has-data-writing-block:-mt-(--shadow-height) has-data-writing-block:pt-(--shadow-height) [&amp;:has([data-writing-block])&gt;*]:pointer-events-auto scroll-mt-[calc(var(--header-height)+min(200px,max(70px,20svh)))]\" dir=\"auto\" tabindex=\"-1\" data-turn-id=\"request-WEB:24a48dc3-cef2-4479-8d89-ac28e3624b97-1\" data-testid=\"conversation-turn-4\" data-scroll-anchor=\"true\" data-turn=\"assistant\">\n<div class=\"text-base my-auto mx-auto pb-10 [--thread-content-margin:--spacing(4)] thread-sm:[--thread-content-margin:--spacing(6)] thread-lg:[--thread-content-margin:--spacing(16)] px-(--thread-content-margin)\">\n<div class=\"[--thread-content-max-width:40rem] thread-lg:[--thread-content-max-width:48rem] mx-auto max-w-(--thread-content-max-width) flex-1 group\/turn-messages focus-visible:outline-hidden relative flex w-full min-w-0 flex-col agent-turn\" tabindex=\"-1\">\n<div class=\"flex max-w-full flex-col grow\">\n<div class=\"min-h-8 text-message relative flex w-full flex-col items-end gap-2 text-start break-words whitespace-normal [.text-message+&amp;]:mt-5\" dir=\"auto\" data-message-author-role=\"assistant\" data-message-id=\"d8330b5a-e8d7-4550-8ef5-133e84614dc0\" data-message-model-slug=\"gpt-5\">\n<div class=\"flex w-full flex-col gap-1 empty:hidden first:pt-[1px]\">\n<div class=\"markdown prose dark:prose-invert w-full break-words light markdown-new-styling\">\n<p data-start=\"0\" data-end=\"120\" data-is-last-node=\"\" data-is-only-node=\"\">Este taller ofrece la educaci\u00f3n sexual que nunca recibiste: real, inclusiva y libre de verg\u00fcenza o adornos innecesarios.<\/p>\n<\/div>\n<\/div>\n<\/div>\n<\/div>\n<\/div>\n<\/div>\n<\/article>","protected":false},"featured_media":61,"comment_status":"open","ping_status":"closed","template":"","meta":{"_acf_changed":false},"product_brand":[],"product_cat":[22,24],"product_tag":[],"class_list":{"0":"post-503","1":"product","2":"type-product","3":"status-publish","4":"has-post-thumbnail","6":"product_cat-downloadable","7":"product_cat-workshop","9":"first","10":"instock","11":"shipping-taxable","12":"purchasable","13":"product-type-simple"},"acf":[],"jetpack_sharing_enabled":true,"_links":{"self":[{"href":"https:\/\/empoweredintimacy.com.au\/es\/wp-json\/wp\/v2\/product\/503","targetHints":{"allow":["GET"]}}],"collection":[{"href":"https:\/\/empoweredintimacy.com.au\/es\/wp-json\/wp\/v2\/product"}],"about":[{"href":"https:\/\/empoweredintimacy.com.au\/es\/wp-json\/wp\/v2\/types\/product"}],"replies":[{"embeddable":true,"href":"https:\/\/empoweredintimacy.com.au\/es\/wp-json\/wp\/v2\/comments?post=503"}],"wp:featuredmedia":[{"embeddable":true,"href":"https:\/\/empoweredintimacy.com.au\/es\/wp-json\/wp\/v2\/media\/61"}],"wp:attachment":[{"href":"https:\/\/empoweredintimacy.com.au\/es\/wp-json\/wp\/v2\/media?parent=503"}],"wp:term":[{"taxonomy":"product_brand","embeddable":true,"href":"https:\/\/empoweredintimacy.com.au\/es\/wp-json\/wp\/v2\/product_brand?post=503"},{"taxonomy":"product_cat","embeddable":true,"href":"https:\/\/empoweredintimacy.com.au\/es\/wp-json\/wp\/v2\/product_cat?post=503"},{"taxonomy":"product_tag","embeddable":true,"href":"https:\/\/empoweredintimacy.com.au\/es\/wp-json\/wp\/v2\/product_tag?post=503"}],"curies":[{"name":"wp","href":"https:\/\/api.w.org\/{rel}","templated":true}]}}