{"id":496,"date":"2025-10-09T10:29:10","date_gmt":"2025-10-09T10:29:10","guid":{"rendered":"https:\/\/empoweredintimacy.com.au\/?post_type=product&#038;p=496"},"modified":"2025-10-21T15:21:52","modified_gmt":"2025-10-21T18:21:52","slug":"todas-somos-putxs","status":"publish","type":"product","link":"https:\/\/empoweredintimacy.com.au\/es\/producto\/todas-somos-putxs\/","title":{"rendered":"Todas somos putxs"},"content":{"rendered":"<h4 data-start=\"325\" data-end=\"546\">Desmontando el miedo y el control sobre el deseo femenino<\/h4>\n<p data-start=\"325\" data-end=\"546\">ZOOM ONLY. La palabra <em data-start=\"336\" data-end=\"342\">putx<\/em>\u00a0ha sido uno de los instrumentos m\u00e1s poderosos para controlar la sexualidad femenina. Un insulto que atraviesa culturas y generaciones, dise\u00f1ado para domesticar el deseo, marcar l\u00edmites y sembrar miedo.<\/p>\n<p data-start=\"548\" data-end=\"956\">En esta charla de 90 minutos exploraremos c\u00f3mo se construy\u00f3 socialmente la sexualidad de las mujeres \u2014cis y trans\u2014 y por qu\u00e9 el estigma de la\u00a0<em data-start=\"690\" data-end=\"696\">puta<\/em>\u00a0sigue siendo el eje central de ese control. Desde el \u201c\u00bfqu\u00e9 llevaba puesto?\u201d para justificar violencias hasta el matrimonio moderno como instituci\u00f3n de regulaci\u00f3n de los cuerpos, veremos c\u00f3mo estas narrativas atraviesan lo \u00edntimo, lo colectivo y lo pol\u00edtico.<\/p>\n<p data-start=\"958\" data-end=\"1172\">Reivindicar el placer no es un lujo: es un acto pol\u00edtico. Esta charla abre la pregunta sobre c\u00f3mo transformar el insulto en bandera, el miedo en potencia y el deseo en camino hacia relaciones libres de violencia.<\/p>\n<p>&nbsp;<\/p>","protected":false},"excerpt":{"rendered":"<p data-start=\"325\" data-end=\"546\">La palabra <em data-start=\"336\" data-end=\"342\">putx<\/em>\u00a0ha sido uno de los instrumentos m\u00e1s poderosos para controlar la sexualidad femenina. Un insulto que atraviesa culturas y generaciones, dise\u00f1ado para domesticar el deseo, marcar l\u00edmites y sembrar miedo.<\/p>","protected":false},"featured_media":497,"comment_status":"open","ping_status":"closed","template":"","meta":{"_acf_changed":false},"product_brand":[],"product_cat":[22,24],"product_tag":[],"class_list":{"0":"post-496","1":"product","2":"type-product","3":"status-publish","4":"has-post-thumbnail","6":"product_cat-downloadable","7":"product_cat-workshop","9":"first","10":"instock","11":"virtual","12":"purchasable","13":"product-type-simple"},"acf":[],"jetpack_sharing_enabled":true,"_links":{"self":[{"href":"https:\/\/empoweredintimacy.com.au\/es\/wp-json\/wp\/v2\/product\/496","targetHints":{"allow":["GET"]}}],"collection":[{"href":"https:\/\/empoweredintimacy.com.au\/es\/wp-json\/wp\/v2\/product"}],"about":[{"href":"https:\/\/empoweredintimacy.com.au\/es\/wp-json\/wp\/v2\/types\/product"}],"replies":[{"embeddable":true,"href":"https:\/\/empoweredintimacy.com.au\/es\/wp-json\/wp\/v2\/comments?post=496"}],"wp:featuredmedia":[{"embeddable":true,"href":"https:\/\/empoweredintimacy.com.au\/es\/wp-json\/wp\/v2\/media\/497"}],"wp:attachment":[{"href":"https:\/\/empoweredintimacy.com.au\/es\/wp-json\/wp\/v2\/media?parent=496"}],"wp:term":[{"taxonomy":"product_brand","embeddable":true,"href":"https:\/\/empoweredintimacy.com.au\/es\/wp-json\/wp\/v2\/product_brand?post=496"},{"taxonomy":"product_cat","embeddable":true,"href":"https:\/\/empoweredintimacy.com.au\/es\/wp-json\/wp\/v2\/product_cat?post=496"},{"taxonomy":"product_tag","embeddable":true,"href":"https:\/\/empoweredintimacy.com.au\/es\/wp-json\/wp\/v2\/product_tag?post=496"}],"curies":[{"name":"wp","href":"https:\/\/api.w.org\/{rel}","templated":true}]}}