{"id":293,"date":"2025-06-09T18:52:09","date_gmt":"2025-06-09T18:52:09","guid":{"rendered":"https:\/\/empoweredintimacy.com.au\/?post_type=product&#038;p=293"},"modified":"2025-10-09T09:09:15","modified_gmt":"2025-10-09T12:09:15","slug":"relearn-sex-a-90-minute-workshop-for-grown-ass-humans","status":"publish","type":"product","link":"https:\/\/empoweredintimacy.com.au\/es\/producto\/relearn-sex-a-90-minute-workshop-for-grown-ass-humans\/","title":{"rendered":"Reaprender el sexo: un taller de 90 minutos para adultos"},"content":{"rendered":"<p>Sin verg\u00fcenza. Sin tonter\u00edas. Solo educaci\u00f3n sexual real, inclusiva y sin tonter\u00edas. <strong>Esta es la educaci\u00f3n sexual que nunca recibiste<\/strong> Dise\u00f1ado para adultos de todos los g\u00e9neros y experiencias. En solo 90 minutos, cubriremos los conceptos b\u00e1sicos.\u00a0<em>y<\/em>\u00a0Lo m\u00e1s importante: anatom\u00eda, placer, consentimiento, l\u00edmites y c\u00f3mo la cultura molde\u00f3 la manera en que vemos el sexo.<\/p>\n<p>Ven tal como eres. Con\u00e9ctate un poco m\u00e1s con tu cuerpo, tus necesidades y tu poder.<\/p>\n<p><strong>Esperar:<\/strong><br \/>\n<img decoding=\"async\" class=\"an1 CToWUd\" draggable=\"false\" src=\"https:\/\/fonts.gstatic.com\/s\/e\/notoemoji\/16.0\/1f538\/72.png\" alt=\"\ud83d\udd38\" width=\"16\" height=\"16\" data-emoji=\"\ud83d\udd38\" aria-label=\"\ud83d\udd38\" data-bit=\"iit\" \/>\u00a0Informaci\u00f3n clara e inclusiva<br \/>\n<img decoding=\"async\" class=\"an1 CToWUd\" draggable=\"false\" src=\"https:\/\/fonts.gstatic.com\/s\/e\/notoemoji\/16.0\/1f538\/72.png\" alt=\"\ud83d\udd38\" width=\"16\" height=\"16\" data-emoji=\"\ud83d\udd38\" aria-label=\"\ud83d\udd38\" data-bit=\"iit\" \/>\u00a0Espacio para preguntas (nada est\u00e1 fuera de los l\u00edmites)<br \/>\n<img decoding=\"async\" class=\"an1 CToWUd\" draggable=\"false\" src=\"https:\/\/fonts.gstatic.com\/s\/e\/notoemoji\/16.0\/1f538\/72.png\" alt=\"\ud83d\udd38\" width=\"16\" height=\"16\" data-emoji=\"\ud83d\udd38\" aria-label=\"\ud83d\udd38\" data-bit=\"iit\" \/>\u00a0Herramientas que realmente puedes usar en la vida real<br \/>\n<img decoding=\"async\" class=\"an1 CToWUd\" draggable=\"false\" src=\"https:\/\/fonts.gstatic.com\/s\/e\/notoemoji\/16.0\/1f538\/72.png\" alt=\"\ud83d\udd38\" width=\"16\" height=\"16\" data-emoji=\"\ud83d\udd38\" aria-label=\"\ud83d\udd38\" data-bit=\"iit\" \/>\u00a0Una comunidad que lo entiende<\/p>\n<p>&nbsp;<\/p>","protected":false},"excerpt":{"rendered":"<p>This workshop offers the sex education you never received\u2014real, inclusive, and free of shame or sugar-coating.<\/p>","protected":false},"featured_media":61,"comment_status":"open","ping_status":"closed","template":"","meta":{"_acf_changed":false},"product_brand":[],"product_cat":[22,24],"product_tag":[],"class_list":{"0":"post-293","1":"product","2":"type-product","3":"status-publish","4":"has-post-thumbnail","6":"product_cat-downloadable","7":"product_cat-workshop","9":"first","10":"instock","11":"shipping-taxable","12":"purchasable","13":"product-type-variable"},"acf":[],"jetpack_sharing_enabled":true,"_links":{"self":[{"href":"https:\/\/empoweredintimacy.com.au\/es\/wp-json\/wp\/v2\/product\/293","targetHints":{"allow":["GET"]}}],"collection":[{"href":"https:\/\/empoweredintimacy.com.au\/es\/wp-json\/wp\/v2\/product"}],"about":[{"href":"https:\/\/empoweredintimacy.com.au\/es\/wp-json\/wp\/v2\/types\/product"}],"replies":[{"embeddable":true,"href":"https:\/\/empoweredintimacy.com.au\/es\/wp-json\/wp\/v2\/comments?post=293"}],"wp:featuredmedia":[{"embeddable":true,"href":"https:\/\/empoweredintimacy.com.au\/es\/wp-json\/wp\/v2\/media\/61"}],"wp:attachment":[{"href":"https:\/\/empoweredintimacy.com.au\/es\/wp-json\/wp\/v2\/media?parent=293"}],"wp:term":[{"taxonomy":"product_brand","embeddable":true,"href":"https:\/\/empoweredintimacy.com.au\/es\/wp-json\/wp\/v2\/product_brand?post=293"},{"taxonomy":"product_cat","embeddable":true,"href":"https:\/\/empoweredintimacy.com.au\/es\/wp-json\/wp\/v2\/product_cat?post=293"},{"taxonomy":"product_tag","embeddable":true,"href":"https:\/\/empoweredintimacy.com.au\/es\/wp-json\/wp\/v2\/product_tag?post=293"}],"curies":[{"name":"wp","href":"https:\/\/api.w.org\/{rel}","templated":true}]}}