{"id":240,"date":"2025-06-03T19:01:49","date_gmt":"2025-06-03T19:01:49","guid":{"rendered":"https:\/\/empoweredintimacy.com.au\/?post_type=product&#038;p=240"},"modified":"2025-10-03T06:31:07","modified_gmt":"2025-10-03T06:31:07","slug":"welcome-to-unlock-your-intimate-knowledge","status":"publish","type":"product","link":"https:\/\/empoweredintimacy.com.au\/es\/producto\/welcome-to-unlock-your-intimate-knowledge\/","title":{"rendered":"Desbloquea tu conocimiento \u00edntimo (Ingl\u00e9s)"},"content":{"rendered":"<p>Este curso en l\u00ednea es autoguiado, lo que significa que puedes completar las lecciones a tu propio ritmo. Dise\u00f1ado para ayudarte a profundizar tu comprensi\u00f3n de tu sexualidad, desmentir mitos comunes y desarrollar una comunicaci\u00f3n clara y segura sobre tus deseos y necesidades, el objetivo es que te sientas empoderado para explorar tu intimidad de una manera aut\u00e9ntica.<\/p>\n<p>La estructura del curso se desarrolla en tres m\u00f3dulos clave: el M\u00f3dulo 1, &quot;\u00bfEs esto normal? y \u00bfQu\u00e9 es la sexualidad?&quot;, te invita a explorar tus creencias y a sentar las bases de tu conocimiento sexual. El M\u00f3dulo 2, &quot;La ciencia del sexo&quot;, abarca lo que actualmente entendemos sobre el deseo, la excitaci\u00f3n y el placer. El M\u00f3dulo 3, &quot;Comunicaci\u00f3n y autoexpresi\u00f3n&quot;, examina los obst\u00e1culos para expresarte y te ense\u00f1a a comunicar tus necesidades y explorar la intimidad de forma segura.<\/p>\n<p>&nbsp;<\/p>","protected":false},"excerpt":{"rendered":"<p>Explora tu sexualidad, tus deseos y tu verdad, a tu propio ritmo.<\/p>","protected":false},"featured_media":39,"comment_status":"open","ping_status":"closed","template":"","meta":{"_acf_changed":false},"product_brand":[],"product_cat":[22],"product_tag":[],"class_list":{"0":"post-240","1":"product","2":"type-product","3":"status-publish","4":"has-post-thumbnail","6":"product_cat-downloadable","8":"first","9":"instock","10":"sale","11":"downloadable","12":"shipping-taxable","13":"purchasable","14":"product-type-simple"},"acf":[],"jetpack_sharing_enabled":true,"_links":{"self":[{"href":"https:\/\/empoweredintimacy.com.au\/es\/wp-json\/wp\/v2\/product\/240","targetHints":{"allow":["GET"]}}],"collection":[{"href":"https:\/\/empoweredintimacy.com.au\/es\/wp-json\/wp\/v2\/product"}],"about":[{"href":"https:\/\/empoweredintimacy.com.au\/es\/wp-json\/wp\/v2\/types\/product"}],"replies":[{"embeddable":true,"href":"https:\/\/empoweredintimacy.com.au\/es\/wp-json\/wp\/v2\/comments?post=240"}],"wp:featuredmedia":[{"embeddable":true,"href":"https:\/\/empoweredintimacy.com.au\/es\/wp-json\/wp\/v2\/media\/39"}],"wp:attachment":[{"href":"https:\/\/empoweredintimacy.com.au\/es\/wp-json\/wp\/v2\/media?parent=240"}],"wp:term":[{"taxonomy":"product_brand","embeddable":true,"href":"https:\/\/empoweredintimacy.com.au\/es\/wp-json\/wp\/v2\/product_brand?post=240"},{"taxonomy":"product_cat","embeddable":true,"href":"https:\/\/empoweredintimacy.com.au\/es\/wp-json\/wp\/v2\/product_cat?post=240"},{"taxonomy":"product_tag","embeddable":true,"href":"https:\/\/empoweredintimacy.com.au\/es\/wp-json\/wp\/v2\/product_tag?post=240"}],"curies":[{"name":"wp","href":"https:\/\/api.w.org\/{rel}","templated":true}]}}