{"id":50,"date":"2025-04-08T20:17:45","date_gmt":"2025-04-08T20:17:45","guid":{"rendered":"https:\/\/empoweredintimacy.com.au\/contact\/"},"modified":"2025-07-03T08:12:14","modified_gmt":"2025-07-03T08:12:14","slug":"contact","status":"publish","type":"page","link":"https:\/\/empoweredintimacy.com.au\/es\/contact\/","title":{"rendered":"Contacto"},"content":{"rendered":"<div data-elementor-type=\"wp-page\" data-elementor-id=\"50\" class=\"elementor elementor-50\" data-elementor-post-type=\"page\">\n\t\t\t\t<div class=\"elementor-element elementor-element-2a79fb9f e-flex e-con-boxed e-con e-parent\" data-id=\"2a79fb9f\" data-element_type=\"container\" data-settings=\"{&quot;background_background&quot;:&quot;classic&quot;}\">\n\t\t\t\t\t<div class=\"e-con-inner\">\n\t\t<div class=\"elementor-element elementor-element-50ba9356 e-con-full e-flex e-con e-child\" data-id=\"50ba9356\" data-element_type=\"container\">\n\t\t\t\t<div class=\"elementor-element elementor-element-3c86c545 elementor-widget elementor-widget-heading\" data-id=\"3c86c545\" data-element_type=\"widget\" data-widget_type=\"heading.default\">\n\t\t\t\t\t<h2 class=\"elementor-heading-title elementor-size-default\">Contacto<\/h2>\t\t\t\t<\/div>\n\t\t\t\t<div class=\"elementor-element elementor-element-684cb80a elementor-invisible elementor-widget elementor-widget-text-editor\" data-id=\"684cb80a\" data-element_type=\"widget\" data-settings=\"{&quot;_animation&quot;:&quot;fadeIn&quot;}\" data-widget_type=\"text-editor.default\">\n\t\t\t\t\t\t\t\t\t<p><strong data-start=\"131\" data-end=\"162\">\u00a1Nos encantar\u00eda saber de usted!<\/strong><br data-start=\"162\" data-end=\"165\" \/>Si tienes alguna pregunta, comentario o simplemente quieres saludarnos, no dudes en contactarnos. Completa el formulario a continuaci\u00f3n y nos pondremos en contacto contigo lo antes posible.<\/p>\t\t\t\t\t\t\t\t<\/div>\n\t\t\t\t<div class=\"elementor-element elementor-element-7dcaa29d elementor-invisible elementor-widget elementor-widget-heading\" data-id=\"7dcaa29d\" data-element_type=\"widget\" data-settings=\"{&quot;_animation&quot;:&quot;fadeInUp&quot;}\" data-widget_type=\"heading.default\">\n\t\t\t\t\t<h2 class=\"elementor-heading-title elementor-size-default\">ENCU\u00c9NTRENOS EN LAS REDES SOCIALES<\/h2>\t\t\t\t<\/div>\n\t\t\t\t<div class=\"elementor-element elementor-element-322bde34 e-grid-align-left e-grid-align-tablet-left e-grid-align-mobile-left elementor-shape-rounded elementor-grid-0 elementor-invisible elementor-widget elementor-widget-social-icons\" data-id=\"322bde34\" data-element_type=\"widget\" data-settings=\"{&quot;_animation&quot;:&quot;fadeInUp&quot;}\" data-widget_type=\"social-icons.default\">\n\t\t\t\t\t\t\t<div class=\"elementor-social-icons-wrapper elementor-grid\" role=\"list\">\n\t\t\t\t\t\t\t<span class=\"elementor-grid-item\" role=\"listitem\">\n\t\t\t\t\t<a class=\"elementor-icon elementor-social-icon elementor-social-icon-instagram elementor-animation-grow elementor-repeater-item-41d0156\" target=\"_blank\">\n\t\t\t\t\t\t<span class=\"elementor-screen-only\">Instagram<\/span>\n\t\t\t\t\t\t<svg class=\"e-font-icon-svg e-fab-instagram\" viewbox=\"0 0 448 512\" xmlns=\"http:\/\/www.w3.org\/2000\/svg\"><path d=\"M224.1 141c-63.6 0-114.9 51.3-114.9 114.9s51.3 114.9 114.9 114.9S339 319.5 339 255.9 287.7 141 224.1 141zm0 189.6c-41.1 0-74.7-33.5-74.7-74.7s33.5-74.7 74.7-74.7 74.7 33.5 74.7 74.7-33.6 74.7-74.7 74.7zm146.4-194.3c0 14.9-12 26.8-26.8 26.8-14.9 0-26.8-12-26.8-26.8s12-26.8 26.8-26.8 26.8 12 26.8 26.8zm76.1 27.2c-1.7-35.9-9.9-67.7-36.2-93.9-26.2-26.2-58-34.4-93.9-36.2-37-2.1-147.9-2.1-184.9 0-35.8 1.7-67.6 9.9-93.9 36.1s-34.4 58-36.2 93.9c-2.1 37-2.1 147.9 0 184.9 1.7 35.9 9.9 67.7 36.2 93.9s58 34.4 93.9 36.2c37 2.1 147.9 2.1 184.9 0 35.9-1.7 67.7-9.9 93.9-36.2 26.2-26.2 34.4-58 36.2-93.9 2.1-37 2.1-147.8 0-184.8zM398.8 388c-7.8 19.6-22.9 34.7-42.6 42.6-29.5 11.7-99.5 9-132.1 9s-102.7 2.6-132.1-9c-19.6-7.8-34.7-22.9-42.6-42.6-11.7-29.5-9-99.5-9-132.1s-2.6-102.7 9-132.1c7.8-19.6 22.9-34.7 42.6-42.6 29.5-11.7 99.5-9 132.1-9s102.7-2.6 132.1 9c19.6 7.8 34.7 22.9 42.6 42.6 11.7 29.5 9 99.5 9 132.1s2.7 102.7-9 132.1z\"><\/path><\/svg>\t\t\t\t\t<\/a>\n\t\t\t\t<\/span>\n\t\t\t\t\t\t\t<span class=\"elementor-grid-item\" role=\"listitem\">\n\t\t\t\t\t<a class=\"elementor-icon elementor-social-icon elementor-social-icon-linkedin elementor-animation-grow elementor-repeater-item-ef7969b\" target=\"_blank\">\n\t\t\t\t\t\t<span class=\"elementor-screen-only\">Linkedin<\/span>\n\t\t\t\t\t\t<svg class=\"e-font-icon-svg e-fab-linkedin\" viewbox=\"0 0 448 512\" xmlns=\"http:\/\/www.w3.org\/2000\/svg\"><path d=\"M416 32H31.9C14.3 32 0 46.5 0 64.3v383.4C0 465.5 14.3 480 31.9 480H416c17.6 0 32-14.5 32-32.3V64.3c0-17.8-14.4-32.3-32-32.3zM135.4 416H69V202.2h66.5V416zm-33.2-243c-21.3 0-38.5-17.3-38.5-38.5S80.9 96 102.2 96c21.2 0 38.5 17.3 38.5 38.5 0 21.3-17.2 38.5-38.5 38.5zm282.1 243h-66.4V312c0-24.8-.5-56.7-34.5-56.7-34.6 0-39.9 27-39.9 54.9V416h-66.4V202.2h63.7v29.2h.9c8.9-16.8 30.6-34.5 62.9-34.5 67.2 0 79.7 44.3 79.7 101.9V416z\"><\/path><\/svg>\t\t\t\t\t<\/a>\n\t\t\t\t<\/span>\n\t\t\t\t\t<\/div>\n\t\t\t\t\t\t<\/div>\n\t\t\t\t<\/div>\n\t\t<div class=\"elementor-element elementor-element-623d87f1 e-con-full e-flex e-con e-child\" data-id=\"623d87f1\" data-element_type=\"container\">\n\t\t<div class=\"elementor-element elementor-element-40cb7cfd e-con-full e-flex e-con e-child\" data-id=\"40cb7cfd\" data-element_type=\"container\">\n\t\t\t\t<div class=\"elementor-element elementor-element-63024d41 elementor-widget elementor-widget-image\" data-id=\"63024d41\" data-element_type=\"widget\" data-settings=\"{&quot;motion_fx_motion_fx_scrolling&quot;:&quot;yes&quot;,&quot;motion_fx_devices&quot;:[&quot;desktop&quot;,&quot;tablet&quot;,&quot;mobile&quot;]}\" data-widget_type=\"image.default\">\n\t\t\t\t\t\t\t\t\t\t\t\t\t\t\t<img fetchpriority=\"high\" decoding=\"async\" width=\"729\" height=\"1024\" src=\"https:\/\/empoweredintimacy.com.au\/wp-content\/uploads\/2025\/04\/EMPOWERED-CONTACT-729x1024.png\" class=\"attachment-large size-large wp-image-51\" alt=\"\" srcset=\"https:\/\/empoweredintimacy.com.au\/wp-content\/uploads\/2025\/04\/EMPOWERED-CONTACT-729x1024.png 729w, https:\/\/empoweredintimacy.com.au\/wp-content\/uploads\/2025\/04\/EMPOWERED-CONTACT-600x842.png 600w, https:\/\/empoweredintimacy.com.au\/wp-content\/uploads\/2025\/04\/EMPOWERED-CONTACT-214x300.png 214w, https:\/\/empoweredintimacy.com.au\/wp-content\/uploads\/2025\/04\/EMPOWERED-CONTACT.png 765w\" sizes=\"(max-width: 729px) 100vw, 729px\" \/>\t\t\t\t\t\t\t\t\t\t\t\t\t\t\t<\/div>\n\t\t\t\t<\/div>\n\t\t<div class=\"elementor-element elementor-element-708eed12 e-con-full e-flex e-con e-child\" data-id=\"708eed12\" data-element_type=\"container\">\n\t\t\t\t<div class=\"elementor-element elementor-element-11d2b500 elementor-widget elementor-widget-image\" data-id=\"11d2b500\" data-element_type=\"widget\" data-settings=\"{&quot;motion_fx_motion_fx_scrolling&quot;:&quot;yes&quot;,&quot;motion_fx_translateY_effect&quot;:&quot;yes&quot;,&quot;motion_fx_translateY_direction&quot;:&quot;negative&quot;,&quot;motion_fx_translateY_speed&quot;:{&quot;unit&quot;:&quot;px&quot;,&quot;size&quot;:1.5,&quot;sizes&quot;:[]},&quot;motion_fx_translateY_affectedRange&quot;:{&quot;unit&quot;:&quot;%&quot;,&quot;size&quot;:&quot;&quot;,&quot;sizes&quot;:{&quot;start&quot;:0,&quot;end&quot;:100}},&quot;motion_fx_devices&quot;:[&quot;desktop&quot;,&quot;tablet&quot;,&quot;mobile&quot;]}\" data-widget_type=\"image.default\">\n\t\t\t\t\t\t\t\t\t\t\t\t\t\t\t<img decoding=\"async\" width=\"627\" height=\"879\" src=\"https:\/\/empoweredintimacy.com.au\/wp-content\/uploads\/2025\/04\/EMPOWERED-CONTACT-1.png\" class=\"attachment-large size-large wp-image-52\" alt=\"\" srcset=\"https:\/\/empoweredintimacy.com.au\/wp-content\/uploads\/2025\/04\/EMPOWERED-CONTACT-1.png 627w, https:\/\/empoweredintimacy.com.au\/wp-content\/uploads\/2025\/04\/EMPOWERED-CONTACT-1-600x841.png 600w, https:\/\/empoweredintimacy.com.au\/wp-content\/uploads\/2025\/04\/EMPOWERED-CONTACT-1-214x300.png 214w\" sizes=\"(max-width: 627px) 100vw, 627px\" \/>\t\t\t\t\t\t\t\t\t\t\t\t\t\t\t<\/div>\n\t\t\t\t<\/div>\n\t\t\t\t<\/div>\n\t\t\t\t\t<\/div>\n\t\t\t\t<\/div>\n\t\t<div class=\"elementor-element elementor-element-1cfcc48f e-flex e-con-boxed e-con e-parent\" data-id=\"1cfcc48f\" data-element_type=\"container\" data-settings=\"{&quot;background_background&quot;:&quot;classic&quot;}\">\n\t\t\t\t\t<div class=\"e-con-inner\">\n\t\t\t\t<div class=\"elementor-element elementor-element-206f014d elementor-widget elementor-widget-image\" data-id=\"206f014d\" data-element_type=\"widget\" data-widget_type=\"image.default\">\n\t\t\t\t\t\t\t\t\t\t\t\t\t\t\t<img decoding=\"async\" width=\"181\" height=\"101\" src=\"https:\/\/empoweredintimacy.com.au\/wp-content\/uploads\/2025\/04\/Get-in-touch.svg\" class=\"attachment-large size-large wp-image-53\" alt=\"\" \/>\t\t\t\t\t\t\t\t\t\t\t\t\t\t\t<\/div>\n\t\t\t\t<div class=\"elementor-element elementor-element-526936a9 elementor-button-align-end elementor-widget__width-initial elementor-widget elementor-widget-form\" data-id=\"526936a9\" data-element_type=\"widget\" data-settings=\"{&quot;step_next_label&quot;:&quot;Siguiente&quot;,&quot;step_previous_label&quot;:&quot;Anterior&quot;,&quot;button_width&quot;:&quot;100&quot;,&quot;step_type&quot;:&quot;number_text&quot;,&quot;step_icon_shape&quot;:&quot;circle&quot;}\" data-widget_type=\"form.default\">\n\t\t\t\t\t\t\t<form class=\"elementor-form\" method=\"post\" name=\"Nuevo formulario\" action=\"\">\n\t\t\t<input type=\"hidden\" name=\"post_id\" value=\"50\"\/>\n\t\t\t<input type=\"hidden\" name=\"form_id\" value=\"526936a9\"\/>\n\t\t\t<input type=\"hidden\" name=\"referer_title\" value=\"Contact - Empowered Intimacy\" \/>\n\n\t\t\t\t\t\t\t<input type=\"hidden\" name=\"queried_id\" value=\"50\"\/>\n\t\t\t\n\t\t\t<div class=\"elementor-form-fields-wrapper elementor-labels-above\">\n\t\t\t\t\t\t\t\t<div class=\"elementor-field-type-text elementor-field-group elementor-column elementor-field-group-name elementor-col-100\">\n\t\t\t\t\t\t\t\t\t\t\t\t\t<input size=\"1\" type=\"text\" name=\"form_fields[name]\" id=\"form-field-name\" class=\"elementor-field elementor-size-sm  elementor-field-textual\" placeholder=\"Nombre de pila\">\n\t\t\t\t\t\t\t\t\t\t\t<\/div>\n\t\t\t\t\t\t\t\t<div class=\"elementor-field-type-text elementor-field-group elementor-column elementor-field-group-field_f8b140f elementor-col-100\">\n\t\t\t\t\t\t\t\t\t\t\t\t\t<input size=\"1\" type=\"text\" name=\"form_fields[field_f8b140f]\" id=\"form-field-field_f8b140f\" class=\"elementor-field elementor-size-sm  elementor-field-textual\" placeholder=\"Apellido\">\n\t\t\t\t\t\t\t\t\t\t\t<\/div>\n\t\t\t\t\t\t\t\t<div class=\"elementor-field-type-email elementor-field-group elementor-column elementor-field-group-email elementor-col-100 elementor-field-required\">\n\t\t\t\t\t\t\t\t\t\t\t\t\t<input size=\"1\" type=\"email\" name=\"form_fields[email]\" id=\"form-field-email\" class=\"elementor-field elementor-size-sm  elementor-field-textual\" placeholder=\"Correo electr\u00f3nico\" required=\"required\">\n\t\t\t\t\t\t\t\t\t\t\t<\/div>\n\t\t\t\t\t\t\t\t<div class=\"elementor-field-type-textarea elementor-field-group elementor-column elementor-field-group-message elementor-col-100\">\n\t\t\t\t\t<textarea class=\"elementor-field-textual elementor-field  elementor-size-sm\" name=\"form_fields[message]\" id=\"form-field-message\" rows=\"4\" placeholder=\"Mensaje\"><\/textarea>\t\t\t\t<\/div>\n\t\t\t\t\t\t\t\t<div class=\"elementor-field-group elementor-column elementor-field-type-submit elementor-col-100 e-form__buttons\">\n\t\t\t\t\t<button class=\"elementor-button elementor-size-sm\" type=\"submit\">\n\t\t\t\t\t\t<span class=\"elementor-button-content-wrapper\">\n\t\t\t\t\t\t\t\t\t\t\t\t\t\t\t\t\t\t\t\t\t\t<span class=\"elementor-button-text\">ENVIAR<\/span>\n\t\t\t\t\t\t\t\t\t\t\t\t\t<\/span>\n\t\t\t\t\t<\/button>\n\t\t\t\t<\/div>\n\t\t\t<\/div>\n\t\t<input type=\"hidden\" name=\"trp-form-language\" value=\"es\"\/><\/form>\n\t\t\t\t\t\t<\/div>\n\t\t\t\t\t<\/div>\n\t\t\t\t<\/div>\n\t\t<div class=\"elementor-element elementor-element-41bca976 e-flex e-con-boxed e-con e-parent\" data-id=\"41bca976\" data-element_type=\"container\" data-settings=\"{&quot;background_background&quot;:&quot;classic&quot;}\">\n\t\t\t\t\t<div class=\"e-con-inner\">\n\t\t<div class=\"elementor-element elementor-element-71ca4ff0 e-con-full e-flex elementor-invisible e-con e-child\" data-id=\"71ca4ff0\" data-element_type=\"container\" data-settings=\"{&quot;animation&quot;:&quot;fadeInLeft&quot;}\">\n\t\t<div class=\"elementor-element elementor-element-13a9f0a1 e-con-full e-flex e-con e-child\" data-id=\"13a9f0a1\" data-element_type=\"container\">\n\t\t\t\t<div class=\"elementor-element elementor-element-6cfad359 elementor-view-default elementor-widget elementor-widget-icon\" data-id=\"6cfad359\" data-element_type=\"widget\" data-widget_type=\"icon.default\">\n\t\t\t\t\t\t\t<div class=\"elementor-icon-wrapper\">\n\t\t\t<div class=\"elementor-icon\">\n\t\t\t<svg xmlns=\"http:\/\/www.w3.org\/2000\/svg\" width=\"68\" height=\"68\" viewbox=\"0 0 68 68\" fill=\"none\"><path d=\"M33.9344 67.8451C23.8935 67.8451 13.8525 67.8451 3.81163 67.8451C1.32043 67.8451 0.015769 66.5352 0.015769 64.0387C0.015769 52.0736 0.0236442 40.1085 1.85659e-05 28.1408C-0.00260651 27.3454 0.273026 26.8493 0.90042 26.3951C3.87726 24.2426 6.82522 22.0454 9.79943 19.8902C10.2509 19.5621 10.4426 19.2261 10.4399 18.6512C10.4163 12.9416 10.4242 7.23208 10.4268 1.52254C10.4268 0.294009 10.7156 0 11.9179 0C26.6393 0 41.3607 0 56.0821 0C57.287 0 57.5758 0.294009 57.5758 1.51992C57.5758 7.20846 57.5837 12.8944 57.5653 18.5829C57.5627 19.1604 57.7176 19.5358 58.2032 19.8876C61.1827 22.0401 64.1254 24.2373 67.1022 26.3899C67.7296 26.844 68.0026 27.3428 68 28.1382C67.9763 40.1033 67.9842 52.0684 67.9842 64.0361C67.9842 66.5352 66.6796 67.8425 64.1884 67.8425C54.1028 67.8477 44.0199 67.8451 33.9344 67.8451ZM12.4639 2.06593C12.4639 3.90611 12.4639 5.69641 12.4639 7.48409C12.4639 16.6036 12.4613 25.7231 12.477 34.84C12.477 35.1445 12.6004 35.5619 12.8183 35.7378C16.7349 38.9272 20.6777 42.0852 24.6022 45.2642C24.9409 45.5372 25.164 45.5267 25.5026 45.2747C27.4819 43.7941 29.477 42.3398 31.4668 40.875C33.265 39.552 34.7481 39.5573 36.5568 40.8856C38.5125 42.3241 40.4813 43.7416 42.4134 45.2117C42.8596 45.5503 43.1169 45.5004 43.5238 45.1697C47.3774 42.0406 51.2441 38.9299 55.1214 35.8323C55.4862 35.5409 55.5387 35.2233 55.5387 34.8138C55.5335 24.1428 55.5335 13.4719 55.5335 2.79833C55.5335 2.5647 55.5335 2.33107 55.5335 2.06331C41.1638 2.06593 26.8677 2.06593 12.4639 2.06593ZM65.8395 64.9759C65.6085 64.7947 65.4064 64.632 65.199 64.4797C63.4035 63.1567 61.6053 61.8363 59.8097 60.5132C51.6353 54.4992 43.4608 48.4878 35.2889 42.4763C34.3124 41.7597 33.7322 41.7361 32.8555 42.3818C23.7465 49.081 14.6374 55.7776 5.53105 62.4768C4.40752 63.3037 3.29186 64.1358 2.16833 64.9654C2.50172 65.7398 3.10286 65.8211 3.767 65.8211C23.9328 65.8185 44.1013 65.8185 64.2671 65.8185C64.3774 65.8185 64.485 65.8211 64.5953 65.8159C65.1386 65.7896 65.5639 65.577 65.8395 64.9759ZM2.10008 62.482C9.22453 57.2424 16.2519 52.071 23.3474 46.8523C16.2256 41.1139 9.20878 35.4595 2.10008 29.7342C2.10008 40.7175 2.10008 51.5302 2.10008 62.482ZM44.6578 46.8497C51.7718 52.0815 58.7965 57.2477 65.8947 62.4689C65.8947 51.5066 65.8947 40.6992 65.8947 29.7447C58.7833 35.47 51.777 41.1139 44.6578 46.8497ZM65.3066 27.6105C62.7183 25.7074 60.2166 23.8698 57.6362 21.9745C57.6362 25.9646 57.6362 29.8077 57.6362 33.7873C60.2324 31.6952 62.7236 29.6896 65.3066 27.6105ZM10.3664 33.7847C10.3664 29.7894 10.3664 25.9489 10.3664 21.9745C7.76499 23.8882 5.2633 25.7284 2.70385 27.6105C5.26592 29.6765 7.75974 31.6847 10.3664 33.7847Z\" fill=\"#F8EDE1\"><\/path><path d=\"M32.9211 24.148C33.0103 24.8411 33.076 25.4186 33.1573 25.9935C33.3306 27.2063 33.517 28.4164 33.6902 29.6292C33.9921 31.7424 32.9027 32.9919 30.7606 32.9998C30.2146 33.0024 29.666 33.0077 29.12 32.9972C28.2852 32.9814 27.9728 32.7268 27.8521 31.8946C27.5292 29.7106 27.2273 27.5239 26.9149 25.3372C26.8834 25.1219 26.8519 24.9041 26.8178 24.6888C26.6052 23.3763 26.6052 23.3763 25.2454 23.3736C23.0219 23.371 22.0008 22.3499 22.0008 20.1264C22.0008 18.9005 21.9903 17.6772 22.0034 16.4513C22.0218 14.7923 23.1479 13.6451 24.8122 13.6241C26.7364 13.5979 28.6632 13.6399 30.5848 13.6005C31.0888 13.59 31.6295 13.4771 32.0837 13.2645C34.8558 11.9677 37.6068 10.6289 40.3658 9.30061C41.5182 8.74672 42.1666 9.15623 42.1719 10.4556C42.1771 11.7472 42.2034 13.0387 42.1587 14.3276C42.1377 14.9314 42.2874 15.2018 42.9357 15.1992C43.5894 15.1965 44.243 15.291 44.8941 15.3698C45.6763 15.4617 45.9808 15.7924 45.9887 16.5694C46.0018 17.861 46.0018 19.1499 45.9887 20.4414C45.9808 21.2316 45.637 21.5728 44.8258 21.6463C44.1512 21.7067 43.4765 21.7828 42.7992 21.8065C42.3294 21.8222 42.1535 21.9929 42.164 22.4785C42.1929 23.8567 42.1797 25.2348 42.1719 26.613C42.164 27.8258 41.5156 28.2379 40.4209 27.7155C38.1712 26.6445 35.9268 25.5577 33.6824 24.4814C33.475 24.379 33.2545 24.2924 32.9211 24.148ZM40.0875 25.2952C40.0875 20.7066 40.0875 16.2492 40.0875 11.7892C39.9904 11.7892 39.9405 11.7761 39.9064 11.7918C37.6016 12.8943 35.2915 13.989 33.0025 15.1204C32.8187 15.2123 32.6691 15.5614 32.6612 15.7924C32.6297 17.1023 32.7662 18.428 32.614 19.7222C32.4328 21.2578 32.9762 22.0637 34.4148 22.6255C36.3206 23.3684 38.1292 24.358 40.0875 25.2952ZM27.5528 15.6402C26.6997 15.6402 25.8491 15.6297 24.996 15.6428C24.2741 15.6533 24.0352 15.8843 24.03 16.5773C24.0195 17.8662 24.0195 19.1551 24.03 20.4441C24.0352 21.0951 24.2925 21.3497 24.954 21.355C26.6577 21.3655 28.3613 21.3497 30.065 21.3655C30.4535 21.3681 30.6136 21.2552 30.611 20.8483C30.5953 19.2759 30.5979 17.7035 30.611 16.1284C30.6136 15.7583 30.4693 15.6297 30.107 15.6349C29.2565 15.6507 28.4033 15.6402 27.5528 15.6402ZM28.7315 23.3763C28.7577 23.7175 28.7656 23.9328 28.7945 24.1454C29.0675 26.0433 29.3379 27.9439 29.6187 29.8418C29.7946 31.0284 29.8025 31.0152 30.9602 30.9732C31.514 30.9522 31.7661 30.7134 31.6873 30.1516C31.3933 28.0358 31.1072 25.92 30.7948 23.8068C30.7711 23.6493 30.5638 23.4078 30.4246 23.3973C29.8918 23.3474 29.351 23.3763 28.7315 23.3763ZM42.227 17.1601C42.227 18.0815 42.227 18.9189 42.227 19.8377C42.8334 19.7799 43.382 19.7274 43.9438 19.6749C43.9438 18.8533 43.9438 18.1182 43.9438 17.3255C43.3689 17.2703 42.815 17.2178 42.227 17.1601Z\" fill=\"#F8EDE1\"><\/path><\/svg>\t\t\t<\/div>\n\t\t<\/div>\n\t\t\t\t\t\t<\/div>\n\t\t\t\t<\/div>\n\t\t<div class=\"elementor-element elementor-element-274fd82a e-con-full e-flex e-con e-child\" data-id=\"274fd82a\" data-element_type=\"container\">\n\t\t\t\t<\/div>\n\t\t\t\t<\/div>\n\t\t<div class=\"elementor-element elementor-element-735a6ce8 e-con-full e-flex e-con e-child\" data-id=\"735a6ce8\" data-element_type=\"container\">\n\t\t\t\t<div class=\"elementor-element elementor-element-9dfaaf2 elementor-align-left elementor-mobile-align-center elementor-widget elementor-widget-button\" data-id=\"9dfaaf2\" data-element_type=\"widget\" data-widget_type=\"button.default\">\n\t\t\t\t\t\t\t\t\t\t<a class=\"elementor-button elementor-button-link elementor-size-sm elementor-animation-shrink\" href=\"#\">\n\t\t\t\t\t\t<span class=\"elementor-button-content-wrapper\">\n\t\t\t\t\t\t\t\t\t<span class=\"elementor-button-text\">IR A Cursos en l\u00ednea<\/span>\n\t\t\t\t\t<\/span>\n\t\t\t\t\t<\/a>\n\t\t\t\t\t\t\t\t<\/div>\n\t\t\t\t<\/div>\n\t\t\t\t\t<\/div>\n\t\t\t\t<\/div>\n\t\t\t\t<\/div>","protected":false},"excerpt":{"rendered":"<p>Cont\u00e1ctanos. \u00a1Nos encantar\u00eda saber de ti! Si tienes alguna pregunta, comentario o simplemente quieres saludarnos, no dudes en contactarnos. Completa el formulario a continuaci\u00f3n y nos pondremos en contacto contigo lo antes posible. ENCU\u00c9NTRANOS EN REDES SOCIALES: Instagram, Linkedin, IR A Cursos en l\u00ednea.<\/p>","protected":false},"author":1,"featured_media":0,"parent":0,"menu_order":0,"comment_status":"closed","ping_status":"closed","template":"","meta":{"_acf_changed":false,"footnotes":""},"class_list":["post-50","page","type-page","status-publish","hentry"],"acf":[],"jetpack_sharing_enabled":true,"_links":{"self":[{"href":"https:\/\/empoweredintimacy.com.au\/es\/wp-json\/wp\/v2\/pages\/50","targetHints":{"allow":["GET"]}}],"collection":[{"href":"https:\/\/empoweredintimacy.com.au\/es\/wp-json\/wp\/v2\/pages"}],"about":[{"href":"https:\/\/empoweredintimacy.com.au\/es\/wp-json\/wp\/v2\/types\/page"}],"author":[{"embeddable":true,"href":"https:\/\/empoweredintimacy.com.au\/es\/wp-json\/wp\/v2\/users\/1"}],"replies":[{"embeddable":true,"href":"https:\/\/empoweredintimacy.com.au\/es\/wp-json\/wp\/v2\/comments?post=50"}],"version-history":[{"count":10,"href":"https:\/\/empoweredintimacy.com.au\/es\/wp-json\/wp\/v2\/pages\/50\/revisions"}],"predecessor-version":[{"id":348,"href":"https:\/\/empoweredintimacy.com.au\/es\/wp-json\/wp\/v2\/pages\/50\/revisions\/348"}],"wp:attachment":[{"href":"https:\/\/empoweredintimacy.com.au\/es\/wp-json\/wp\/v2\/media?parent=50"}],"curies":[{"name":"wp","href":"https:\/\/api.w.org\/{rel}","templated":true}]}}