{"id":26,"date":"2025-04-08T20:17:14","date_gmt":"2025-04-08T20:17:14","guid":{"rendered":"https:\/\/empoweredintimacy.com.au\/carrito\/"},"modified":"2025-07-04T04:32:09","modified_gmt":"2025-07-04T04:32:09","slug":"carrito","status":"publish","type":"page","link":"https:\/\/empoweredintimacy.com.au\/es\/carrito\/","title":{"rendered":"Carrito"},"content":{"rendered":"<div data-elementor-type=\"wp-page\" data-elementor-id=\"26\" class=\"elementor elementor-26\" data-elementor-post-type=\"page\">\n\t\t\t\t<div class=\"elementor-element elementor-element-ed26e81 e-flex e-con-boxed e-con e-parent\" data-id=\"ed26e81\" data-element_type=\"container\">\n\t\t\t\t\t<div class=\"e-con-inner\">\n\t\t\t\t<div class=\"elementor-element elementor-element-a7e6507 e-cart-layout-two-column elementor-widget elementor-widget-woocommerce-cart\" data-id=\"a7e6507\" data-element_type=\"widget\" data-widget_type=\"woocommerce-cart.default\">\n\t\t\t\t<div class=\"elementor-widget-container\">\n\t\t\t\t\t<div class=\"woocommerce\"><div class=\"woocommerce-notices-wrapper\"><\/div><div class=\"wc-empty-cart-message\">\n\t<div class=\"cart-empty woocommerce-info\">\n\t\tTu carrito est\u00e1 vac\u00edo.\t<\/div>\n<\/div><\/div>\t\t\t\t<\/div>\n\t\t\t\t<\/div>\n\t\t\t\t\t<\/div>\n\t\t\t\t<\/div>\n\t\t\t\t<\/div>","protected":false},"excerpt":{"rendered":"<p>Remove item Thumbnail image Product Price Quantity Subtotal &times; Desbloquea tu Conocimiento \u00cdntimo (Espa\u00f1ol) &#36;88.00 Desbloquea tu Conocimiento \u00cdntimo (Espa\u00f1ol) quantity &#36;88.00 Update Cart Apply coupon Cart Totals Subtotal &#36;88.00 Total &#36;88.00 Proceed to Checkout<\/p>","protected":false},"author":1,"featured_media":0,"parent":0,"menu_order":0,"comment_status":"closed","ping_status":"closed","template":"","meta":{"_acf_changed":false,"footnotes":""},"class_list":["post-26","page","type-page","status-publish","hentry"],"acf":[],"jetpack_sharing_enabled":true,"_links":{"self":[{"href":"https:\/\/empoweredintimacy.com.au\/es\/wp-json\/wp\/v2\/pages\/26","targetHints":{"allow":["GET"]}}],"collection":[{"href":"https:\/\/empoweredintimacy.com.au\/es\/wp-json\/wp\/v2\/pages"}],"about":[{"href":"https:\/\/empoweredintimacy.com.au\/es\/wp-json\/wp\/v2\/types\/page"}],"author":[{"embeddable":true,"href":"https:\/\/empoweredintimacy.com.au\/es\/wp-json\/wp\/v2\/users\/1"}],"replies":[{"embeddable":true,"href":"https:\/\/empoweredintimacy.com.au\/es\/wp-json\/wp\/v2\/comments?post=26"}],"version-history":[{"count":32,"href":"https:\/\/empoweredintimacy.com.au\/es\/wp-json\/wp\/v2\/pages\/26\/revisions"}],"predecessor-version":[{"id":407,"href":"https:\/\/empoweredintimacy.com.au\/es\/wp-json\/wp\/v2\/pages\/26\/revisions\/407"}],"wp:attachment":[{"href":"https:\/\/empoweredintimacy.com.au\/es\/wp-json\/wp\/v2\/media?parent=26"}],"curies":[{"name":"wp","href":"https:\/\/api.w.org\/{rel}","templated":true}]}}